{"id":7449,"date":"2024-06-08T10:22:47","date_gmt":"2024-06-08T15:22:47","guid":{"rendered":"https:\/?page_id=7449"},"modified":"2025-06-05T11:43:20","modified_gmt":"2025-06-05T16:43:20","slug":"events","status":"publish","type":"page","link":"https:\/\/cidenet.com.co\/en\/events\/","title":{"rendered":"Events"},"content":{"rendered":"<p>Join CTO Insights, where top technology leaders drive the Bogota community forward!<\/p>\n<p>\t\t\t\t\t\t\t\t\t\t\t\t\t<img decoding=\"async\" width=\"164\" height=\"90\" src=\"https:\/\/cidenet.com.co\/wp-content\/uploads\/2024\/11\/Frame-8.png\" alt=\"\" srcset=\"https:\/\/cidenet.com.co\/wp-content\/uploads\/2024\/11\/Frame-8.png 164w, https:\/\/cidenet.com.co\/wp-content\/uploads\/2024\/11\/Frame-8-18x10.png 18w\" sizes=\"(max-width: 164px) 100vw, 164px\" \/>\t\t\t\t\t\t\t\t\t\t\t\t\t<\/p>\n<p>CTO Insights is the premier event for Bogota's technology leaders, bringing together CTOs, CTOs, CTOs and leading executives. This exclusive gathering provides a unique platform for high-level networking, innovative industry information and collaboration opportunities that actively shape the trajectory of Bogota's technology landscape.<\/p>\n<p>\t\t\t\t\t\t\t\t\t\t\t\t\t<img fetchpriority=\"high\" decoding=\"async\" width=\"866\" height=\"525\" src=\"https:\/\/cidenet.com.co\/wp-content\/uploads\/2024\/11\/Rectangle-556-2.png\" alt=\"\" srcset=\"https:\/\/cidenet.com.co\/wp-content\/uploads\/2024\/11\/Rectangle-556-2.png 866w, https:\/\/cidenet.com.co\/wp-content\/uploads\/2024\/11\/Rectangle-556-2-300x182.png 300w, https:\/\/cidenet.com.co\/wp-content\/uploads\/2024\/11\/Rectangle-556-2-768x466.png 768w, https:\/\/cidenet.com.co\/wp-content\/uploads\/2024\/11\/Rectangle-556-2-18x12.png 18w\" sizes=\"(max-width: 866px) 100vw, 866px\" \/><br \/>\n\t\t\t\t\t\t\t\t\t\t\t\t\t<img decoding=\"async\" width=\"866\" height=\"525\" src=\"https:\/\/cidenet.com.co\/wp-content\/uploads\/2024\/11\/Rectangle-557-2.png\" alt=\"\" srcset=\"https:\/\/cidenet.com.co\/wp-content\/uploads\/2024\/11\/Rectangle-557-2.png 866w, https:\/\/cidenet.com.co\/wp-content\/uploads\/2024\/11\/Rectangle-557-2-300x182.png 300w, https:\/\/cidenet.com.co\/wp-content\/uploads\/2024\/11\/Rectangle-557-2-768x466.png 768w, https:\/\/cidenet.com.co\/wp-content\/uploads\/2024\/11\/Rectangle-557-2-18x12.png 18w\" sizes=\"(max-width: 866px) 100vw, 866px\" \/>\t\t\t\t\t\t\t\t\t\t\t\t\t<\/p>\n<h2>cto insights provides:<\/h2>\n<h3>Networking opportunities<\/h3>\n<p>\t\t\t\t<svg aria-hidden=\"true\" viewbox=\"0 0 512 512\" xmlns=\"http:\/\/www.w3.org\/2000\/svg\"><path d=\"M173.898 439.404l-166.4-166.4c-9.997-9.997-9.997-26.206 0-36.204l36.203-36.204c9.997-9.998 26.207-9.998 36.204 0L192 312.69 432.095 72.596c9.997-9.997 26.207-9.997 36.204 0l36.203 36.204c9.997 9.997 9.997 26.206 0 36.204l-294.4 294.401c-9.998 9.997-26.207 9.997-36.204-.001z\"><\/path><\/svg>\t\t\t\t<\/p>\n<p>\n\t\t\t\t\t\tEstablish meaningful connections with other CTOs and technology leaders, exchange innovative ideas and explore potential partnerships that could revolutionize your business.\t\t\t\t\t<\/p>\n<h3>Exclusive perspectives<\/h3>\n<p>\t\t\t\t<svg aria-hidden=\"true\" viewbox=\"0 0 512 512\" xmlns=\"http:\/\/www.w3.org\/2000\/svg\"><path d=\"M173.898 439.404l-166.4-166.4c-9.997-9.997-9.997-26.206 0-36.204l36.203-36.204c9.997-9.998 26.207-9.998 36.204 0L192 312.69 432.095 72.596c9.997-9.997 26.207-9.997 36.204 0l36.203 36.204c9.997 9.997 9.997 26.206 0 36.204l-294.4 294.401c-9.998 9.997-26.207 9.997-36.204-.001z\"><\/path><\/svg>\t\t\t\t<\/p>\n<p>\n\t\t\t\t\t\tGain valuable insights from leading speakers who are at the forefront of the technology industry. Learn from their experiences, successes and challenges, and gain insights that could inspire your own path to success.\t\t\t\t\t<\/p>\n<h3>Collaborative exchange of ideas<\/h3>\n<p>\t\t\t\t<svg aria-hidden=\"true\" viewbox=\"0 0 512 512\" xmlns=\"http:\/\/www.w3.org\/2000\/svg\"><path d=\"M173.898 439.404l-166.4-166.4c-9.997-9.997-9.997-26.206 0-36.204l36.203-36.204c9.997-9.998 26.207-9.998 36.204 0L192 312.69 432.095 72.596c9.997-9.997 26.207-9.997 36.204 0l36.203 36.204c9.997 9.997 9.997 26.206 0 36.204l-294.4 294.401c-9.998 9.997-26.207 9.997-36.204-.001z\"><\/path><\/svg>\t\t\t\t<\/p>\n<p>\n\t\t\t\t\t\tParticipate in meaningful discussions and brainstorming sessions with like-minded individuals. At CTO Insights, we encourage collaboration and creativity, allowing you to explore new strategies and solutions to today's technology challenges.\t\t\t\t\t<\/p>\n<h2>Upcoming events<\/h2>\n<h2>Previous events <\/h2>","protected":false},"excerpt":{"rendered":"<p>Join CTO Insights, where top technology leaders drive the Bogota community forward!<\/p>","protected":false},"author":1,"featured_media":7419,"parent":0,"menu_order":0,"comment_status":"closed","ping_status":"closed","template":"","meta":{"_acf_changed":false,"_joinchat":[],"footnotes":""},"categories":[70],"tags":[],"class_list":["post-7449","page","type-page","status-publish","has-post-thumbnail","hentry","category-insights"],"acf":[],"yoast_head":"<!-- This site is optimized with the Yoast SEO Premium plugin v25.3.1 (Yoast SEO v25.3.1) - https:\/\/yoast.com\/wordpress\/plugins\/seo\/ -->\n<title>Eventos - Cidenet<\/title>\n<meta name=\"description\" content=\"\u00a1\u00danete a CTO Insights, donde l\u00edderes tecnol\u00f3gicos de alto nivel impulsan la comunidad de Bogot\u00e1!\" \/>\n<meta name=\"robots\" content=\"index, follow, max-snippet:-1, max-image-preview:large, max-video-preview:-1\" \/>\n<link rel=\"canonical\" href=\"https:\/\/cidenet.com.co\/en\/events\/\" \/>\n<meta property=\"og:locale\" content=\"en_US\" \/>\n<meta property=\"og:type\" content=\"article\" \/>\n<meta property=\"og:title\" content=\"Eventos\" \/>\n<meta property=\"og:description\" content=\"\u00a1\u00danete a CTO Insights, donde l\u00edderes tecnol\u00f3gicos de alto nivel impulsan la comunidad de Bogot\u00e1!\" \/>\n<meta property=\"og:url\" content=\"https:\/\/cidenet.com.co\/en\/events\/\" \/>\n<meta property=\"og:site_name\" content=\"Cidenet\" \/>\n<meta property=\"article:publisher\" content=\"https:\/\/www.facebook.com\/Cidenet\" \/>\n<meta property=\"article:modified_time\" content=\"2025-06-05T16:43:20+00:00\" \/>\n<meta property=\"og:image\" content=\"https:\/\/cidenet.com.co\/wp-content\/uploads\/2024\/08\/IMG_4378.webp\" \/>\n\t<meta property=\"og:image:width\" content=\"1000\" \/>\n\t<meta property=\"og:image:height\" content=\"750\" \/>\n\t<meta property=\"og:image:type\" content=\"image\/webp\" \/>\n<meta name=\"twitter:card\" content=\"summary_large_image\" \/>\n<meta name=\"twitter:label1\" content=\"Est. reading time\" \/>\n\t<meta name=\"twitter:data1\" content=\"2 minutes\" \/>\n<script type=\"application\/ld+json\" class=\"yoast-schema-graph\">{\"@context\":\"https:\/\/schema.org\",\"@graph\":[{\"@type\":\"WebPage\",\"@id\":\"https:\/\/cidenet.com.co\/eventos\/\",\"url\":\"https:\/\/cidenet.com.co\/eventos\/\",\"name\":\"Eventos - Cidenet\",\"isPartOf\":{\"@id\":\"https:\/\/www.cidenet.com.co\/en\/#website\"},\"primaryImageOfPage\":{\"@id\":\"https:\/\/cidenet.com.co\/eventos\/#primaryimage\"},\"image\":{\"@id\":\"https:\/\/cidenet.com.co\/eventos\/#primaryimage\"},\"thumbnailUrl\":\"https:\/\/cidenet.com.co\/wp-content\/uploads\/2024\/08\/IMG_4378.webp\",\"datePublished\":\"2024-06-08T15:22:47+00:00\",\"dateModified\":\"2025-06-05T16:43:20+00:00\",\"description\":\"\u00a1\u00danete a CTO Insights, donde l\u00edderes tecnol\u00f3gicos de alto nivel impulsan la comunidad de Bogot\u00e1!\",\"breadcrumb\":{\"@id\":\"https:\/\/cidenet.com.co\/eventos\/#breadcrumb\"},\"inLanguage\":\"en-US\",\"potentialAction\":[{\"@type\":\"ReadAction\",\"target\":[\"https:\/\/cidenet.com.co\/eventos\/\"]}]},{\"@type\":\"ImageObject\",\"inLanguage\":\"en-US\",\"@id\":\"https:\/\/cidenet.com.co\/eventos\/#primaryimage\",\"url\":\"https:\/\/cidenet.com.co\/wp-content\/uploads\/2024\/08\/IMG_4378.webp\",\"contentUrl\":\"https:\/\/cidenet.com.co\/wp-content\/uploads\/2024\/08\/IMG_4378.webp\",\"width\":1000,\"height\":750},{\"@type\":\"BreadcrumbList\",\"@id\":\"https:\/\/cidenet.com.co\/eventos\/#breadcrumb\",\"itemListElement\":[{\"@type\":\"ListItem\",\"position\":1,\"name\":\"Inicio\",\"item\":\"https:\/\/cidenet.com.co\/\"},{\"@type\":\"ListItem\",\"position\":2,\"name\":\"Eventos\"}]},{\"@type\":\"WebSite\",\"@id\":\"https:\/\/www.cidenet.com.co\/en\/#website\",\"url\":\"https:\/\/www.cidenet.com.co\/en\/\",\"name\":\"Cidenet\",\"description\":\"Desarrollamos Software a la Medida\",\"publisher\":{\"@id\":\"https:\/\/www.cidenet.com.co\/en\/#organization\"},\"potentialAction\":[{\"@type\":\"SearchAction\",\"target\":{\"@type\":\"EntryPoint\",\"urlTemplate\":\"https:\/\/www.cidenet.com.co\/en\/?s={search_term_string}\"},\"query-input\":{\"@type\":\"PropertyValueSpecification\",\"valueRequired\":true,\"valueName\":\"search_term_string\"}}],\"inLanguage\":\"en-US\"},{\"@type\":\"Organization\",\"@id\":\"https:\/\/www.cidenet.com.co\/en\/#organization\",\"name\":\"Cidenet | Desarrollamos Software a la Medida\",\"url\":\"https:\/\/www.cidenet.com.co\/en\/\",\"logo\":{\"@type\":\"ImageObject\",\"inLanguage\":\"en-US\",\"@id\":\"https:\/\/www.cidenet.com.co\/en\/#\/schema\/logo\/image\/\",\"url\":\"https:\/\/cidenet.com.co\/wp-content\/uploads\/2022\/08\/Logos-cidenet-NEGATIVO.png\",\"contentUrl\":\"https:\/\/cidenet.com.co\/wp-content\/uploads\/2022\/08\/Logos-cidenet-NEGATIVO.png\",\"width\":305,\"height\":68,\"caption\":\"Cidenet | Desarrollamos Software a la Medida\"},\"image\":{\"@id\":\"https:\/\/www.cidenet.com.co\/en\/#\/schema\/logo\/image\/\"},\"sameAs\":[\"https:\/\/www.facebook.com\/Cidenet\",\"https:\/\/www.linkedin.com\/company\/cidenet-s-a-s-\",\"https:\/\/www.instagram.com\/cidenet\/\",\"https:\/\/www.youtube.com\/@CidenetSAS\/featured\"],\"publishingPrinciples\":\"https:\/\/cidenet.com.co\/politica-de-proteccion-de-datos-personales\/\"}]}<\/script>\n<!-- \/ Yoast SEO Premium plugin. -->","yoast_head_json":{"title":"Events - Cidenet","description":"Join CTO Insights, where top technology leaders drive the Bogota community forward!","robots":{"index":"index","follow":"follow","max-snippet":"max-snippet:-1","max-image-preview":"max-image-preview:large","max-video-preview":"max-video-preview:-1"},"canonical":"https:\/\/cidenet.com.co\/en\/events\/","og_locale":"en_US","og_type":"article","og_title":"Eventos","og_description":"\u00a1\u00danete a CTO Insights, donde l\u00edderes tecnol\u00f3gicos de alto nivel impulsan la comunidad de Bogot\u00e1!","og_url":"https:\/\/cidenet.com.co\/en\/events\/","og_site_name":"Cidenet","article_publisher":"https:\/\/www.facebook.com\/Cidenet","article_modified_time":"2025-06-05T16:43:20+00:00","og_image":[{"width":1000,"height":750,"url":"https:\/\/cidenet.com.co\/wp-content\/uploads\/2024\/08\/IMG_4378.webp","type":"image\/webp"}],"twitter_card":"summary_large_image","twitter_misc":{"Est. reading time":"2 minutes"},"schema":{"@context":"https:\/\/schema.org","@graph":[{"@type":"WebPage","@id":"https:\/\/cidenet.com.co\/eventos\/","url":"https:\/\/cidenet.com.co\/eventos\/","name":"Events - Cidenet","isPartOf":{"@id":"https:\/\/www.cidenet.com.co\/en\/#website"},"primaryImageOfPage":{"@id":"https:\/\/cidenet.com.co\/eventos\/#primaryimage"},"image":{"@id":"https:\/\/cidenet.com.co\/eventos\/#primaryimage"},"thumbnailUrl":"https:\/\/cidenet.com.co\/wp-content\/uploads\/2024\/08\/IMG_4378.webp","datePublished":"2024-06-08T15:22:47+00:00","dateModified":"2025-06-05T16:43:20+00:00","description":"Join CTO Insights, where top technology leaders drive the Bogota community forward!","breadcrumb":{"@id":"https:\/\/cidenet.com.co\/eventos\/#breadcrumb"},"inLanguage":"en-US","potentialAction":[{"@type":"ReadAction","target":["https:\/\/cidenet.com.co\/eventos\/"]}]},{"@type":"ImageObject","inLanguage":"en-US","@id":"https:\/\/cidenet.com.co\/eventos\/#primaryimage","url":"https:\/\/cidenet.com.co\/wp-content\/uploads\/2024\/08\/IMG_4378.webp","contentUrl":"https:\/\/cidenet.com.co\/wp-content\/uploads\/2024\/08\/IMG_4378.webp","width":1000,"height":750},{"@type":"BreadcrumbList","@id":"https:\/\/cidenet.com.co\/eventos\/#breadcrumb","itemListElement":[{"@type":"ListItem","position":1,"name":"Inicio","item":"https:\/\/cidenet.com.co\/"},{"@type":"ListItem","position":2,"name":"Eventos"}]},{"@type":"WebSite","@id":"https:\/\/www.cidenet.com.co\/en\/#website","url":"https:\/\/www.cidenet.com.co\/en\/","name":"Cidenet","description":"We develop custom Software","publisher":{"@id":"https:\/\/www.cidenet.com.co\/en\/#organization"},"potentialAction":[{"@type":"SearchAction","target":{"@type":"EntryPoint","urlTemplate":"https:\/\/www.cidenet.com.co\/en\/?s={search_term_string}"},"query-input":{"@type":"PropertyValueSpecification","valueRequired":true,"valueName":"search_term_string"}}],"inLanguage":"en-US"},{"@type":"Organization","@id":"https:\/\/www.cidenet.com.co\/en\/#organization","name":"Cidenet | we Develop custom Software","url":"https:\/\/www.cidenet.com.co\/en\/","logo":{"@type":"ImageObject","inLanguage":"en-US","@id":"https:\/\/www.cidenet.com.co\/en\/#\/schema\/logo\/image\/","url":"https:\/\/cidenet.com.co\/wp-content\/uploads\/2022\/08\/Logos-cidenet-NEGATIVO.png","contentUrl":"https:\/\/cidenet.com.co\/wp-content\/uploads\/2022\/08\/Logos-cidenet-NEGATIVO.png","width":305,"height":68,"caption":"Cidenet | Desarrollamos Software a la Medida"},"image":{"@id":"https:\/\/www.cidenet.com.co\/en\/#\/schema\/logo\/image\/"},"sameAs":["https:\/\/www.facebook.com\/Cidenet","https:\/\/www.linkedin.com\/company\/cidenet-s-a-s-","https:\/\/www.instagram.com\/cidenet\/","https:\/\/www.youtube.com\/@CidenetSAS\/featured"],"publishingPrinciples":"https:\/\/cidenet.com.co\/politica-de-proteccion-de-datos-personales\/"}]}},"_links":{"self":[{"href":"https:\/\/cidenet.com.co\/en\/wp-json\/wp\/v2\/pages\/7449","targetHints":{"allow":["GET"]}}],"collection":[{"href":"https:\/\/cidenet.com.co\/en\/wp-json\/wp\/v2\/pages"}],"about":[{"href":"https:\/\/cidenet.com.co\/en\/wp-json\/wp\/v2\/types\/page"}],"author":[{"embeddable":true,"href":"https:\/\/cidenet.com.co\/en\/wp-json\/wp\/v2\/users\/1"}],"replies":[{"embeddable":true,"href":"https:\/\/cidenet.com.co\/en\/wp-json\/wp\/v2\/comments?post=7449"}],"version-history":[{"count":1,"href":"https:\/\/cidenet.com.co\/en\/wp-json\/wp\/v2\/pages\/7449\/revisions"}],"predecessor-version":[{"id":9807,"href":"https:\/\/cidenet.com.co\/en\/wp-json\/wp\/v2\/pages\/7449\/revisions\/9807"}],"wp:featuredmedia":[{"embeddable":true,"href":"https:\/\/cidenet.com.co\/en\/wp-json\/wp\/v2\/media\/7419"}],"wp:attachment":[{"href":"https:\/\/cidenet.com.co\/en\/wp-json\/wp\/v2\/media?parent=7449"}],"wp:term":[{"taxonomy":"category","embeddable":true,"href":"https:\/\/cidenet.com.co\/en\/wp-json\/wp\/v2\/categories?post=7449"},{"taxonomy":"post_tag","embeddable":true,"href":"https:\/\/cidenet.com.co\/en\/wp-json\/wp\/v2\/tags?post=7449"}],"curies":[{"name":"wp","href":"https:\/\/api.w.org\/{rel}","templated":true}]}}