{"id":4607,"date":"2023-07-28T11:41:37","date_gmt":"2023-07-28T16:41:37","guid":{"rendered":"https:\/?page_id=4607"},"modified":"2024-07-18T19:08:53","modified_gmt":"2024-07-19T00:08:53","slug":"software-development-2","status":"publish","type":"page","link":"https:\/\/cidenet.com.co\/en\/software-development-2\/","title":{"rendered":"Thank you for registering with LP Software Development"},"content":{"rendered":"<div data-elementor-type=\"wp-page\" data-elementor-id=\"4607\" class=\"elementor elementor-4607\" data-elementor-post-type=\"page\">\n\t\t\t\t\t\t<section class=\"elementor-section elementor-top-section elementor-element elementor-element-4bc8529 elementor-section-height-min-height elementor-section-full_width elementor-section-content-bottom elementor-section-height-default elementor-section-items-middle\" data-id=\"4bc8529\" data-element_type=\"section\" data-e-type=\"section\" data-settings=\"{&quot;background_background&quot;:&quot;classic&quot;}\">\n\t\t\t\t\t\t<div class=\"elementor-container elementor-column-gap-no\">\n\t\t\t\t\t<div class=\"elementor-column elementor-col-100 elementor-top-column elementor-element elementor-element-ebe5aa7\" data-id=\"ebe5aa7\" data-element_type=\"column\" data-e-type=\"column\">\n\t\t\t<div class=\"elementor-widget-wrap elementor-element-populated\">\n\t\t\t\t\t\t<div class=\"elementor-element elementor-element-3e65473 elementor-invisible elementor-widget elementor-widget-heading\" data-id=\"3e65473\" data-element_type=\"widget\" data-e-type=\"widget\" data-settings=\"{&quot;_animation&quot;:&quot;fadeInDown&quot;}\" data-widget_type=\"heading.default\">\n\t\t\t\t<div class=\"elementor-widget-container\">\n\t\t\t\t\t<h1 class=\"elementor-heading-title elementor-size-default\">Thank you for contacting us! <br>Soon one of our business developers will contact you.<\/h1>\t\t\t\t<\/div>\n\t\t\t\t<\/div>\n\t\t\t\t\t<\/div>\n\t\t<\/div>\n\t\t\t\t\t<\/div>\n\t\t<\/section>\n\t\t\t\t<section class=\"elementor-section elementor-top-section elementor-element elementor-element-e050dff elementor-section-full_width elementor-section-items-stretch elementor-section-height-min-height elementor-section-height-default\" data-id=\"e050dff\" data-element_type=\"section\" data-e-type=\"section\" data-settings=\"{&quot;background_background&quot;:&quot;classic&quot;}\">\n\t\t\t\t\t\t<div class=\"elementor-container elementor-column-gap-no\">\n\t\t\t\t\t<div class=\"elementor-column elementor-col-33 elementor-top-column elementor-element elementor-element-4fcf91d\" data-id=\"4fcf91d\" data-element_type=\"column\" data-e-type=\"column\">\n\t\t\t<div class=\"elementor-widget-wrap elementor-element-populated\">\n\t\t\t\t\t\t<div class=\"elementor-element elementor-element-f9100da elementor-widget-tablet__width-initial elementor-widget-mobile__width-inherit elementor-widget elementor-widget-heading\" data-id=\"f9100da\" data-element_type=\"widget\" data-e-type=\"widget\" data-widget_type=\"heading.default\">\n\t\t\t\t<div class=\"elementor-widget-container\">\n\t\t\t\t\t<p class=\"elementor-heading-title elementor-size-default\">Learn more about our company, customers, technologies and services.<\/p>\t\t\t\t<\/div>\n\t\t\t\t<\/div>\n\t\t\t\t<div class=\"elementor-element elementor-element-1803e3b elementor-align-left elementor-mobile-align-left elementor-tablet-align-right elementor-widget-tablet__width-initial elementor-widget-mobile__width-inherit elementor-widget elementor-widget-button\" data-id=\"1803e3b\" data-element_type=\"widget\" data-e-type=\"widget\" data-widget_type=\"button.default\">\n\t\t\t\t<div class=\"elementor-widget-container\">\n\t\t\t\t\t\t\t\t\t<div class=\"elementor-button-wrapper\">\n\t\t\t\t\t<a class=\"elementor-button elementor-button-link elementor-size-sm elementor-animation-float\" href=\"https:\/\/\/en\/\">\n\t\t\t\t\t\t<span class=\"elementor-button-content-wrapper\">\n\t\t\t\t\t\t<span class=\"elementor-button-icon\">\n\t\t\t\t<svg xmlns=\"http:\/\/www.w3.org\/2000\/svg\" id=\"a258ec14-a55e-49f3-8b4f-17327bafb92b\" data-name=\"Layer 1\" width=\"21\" height=\"12\" viewbox=\"0 0 21 12\"><path d=\"M21.3427,6.1044,15.61.6978A.6185.6185,0,0,0,15.191.5a.5089.5089,0,0,0-.42.1978.5762.5762,0,0,0,0,.7912l4.6838,4.4835H1.07a.5162.5162,0,0,0-.5592.5934.5247.5247,0,0,0,.6292.5275H19.4553l-4.7536,4.4835a.576.576,0,0,0,0,.7912,1.034,1.034,0,0,0,.4194.1319.43.43,0,0,0,.4194-.1978l5.8022-5.4066A.5762.5762,0,0,0,21.3427,6.1044Z\" transform=\"translate(-0.5 -0.5)\"><\/path><\/svg>\t\t\t<\/span>\n\t\t\t\t\t\t\t\t\t<span class=\"elementor-button-text\">see more<\/span>\n\t\t\t\t\t<\/span>\n\t\t\t\t\t<\/a>\n\t\t\t\t<\/div>\n\t\t\t\t\t\t\t\t<\/div>\n\t\t\t\t<\/div>\n\t\t\t\t\t<\/div>\n\t\t<\/div>\n\t\t\t\t<div class=\"elementor-column elementor-col-66 elementor-top-column elementor-element elementor-element-9862b9c\" data-id=\"9862b9c\" data-element_type=\"column\" data-e-type=\"column\" data-settings=\"{&quot;background_background&quot;:&quot;classic&quot;}\">\n\t\t\t<div class=\"elementor-widget-wrap elementor-element-populated\">\n\t\t\t\t\t\t<div class=\"elementor-element elementor-element-3a87948 elementor-widget elementor-widget-spacer\" data-id=\"3a87948\" data-element_type=\"widget\" data-e-type=\"widget\" data-widget_type=\"spacer.default\">\n\t\t\t\t<div class=\"elementor-widget-container\">\n\t\t\t\t\t\t\t<div class=\"elementor-spacer\">\n\t\t\t<div class=\"elementor-spacer-inner\"><\/div>\n\t\t<\/div>\n\t\t\t\t\t\t<\/div>\n\t\t\t\t<\/div>\n\t\t\t\t\t<\/div>\n\t\t<\/div>\n\t\t\t\t\t<\/div>\n\t\t<\/section>\n\t\t\t\t<\/div>","protected":false},"excerpt":{"rendered":"<p>\u00a1Gracias por contactarnos! Pronto uno de nuestros desarrolladores de negocios se pondr\u00e1 en contacto contigo Conoce m\u00e1s sobre nuestra empresa, clientes, tecnolog\u00edas y servicios Ver m\u00e1s<\/p>","protected":false},"author":1,"featured_media":2135,"parent":0,"menu_order":0,"comment_status":"closed","ping_status":"closed","template":"elementor_header_footer","meta":{"_acf_changed":false,"_joinchat":{"message_send":"Hola, me gustar\u00eda tener m\u00e1s informaci\u00f3n de Desarrollo de Software y Staff Augmentation"},"footnotes":""},"categories":[],"tags":[],"class_list":["post-4607","page","type-page","status-publish","has-post-thumbnail","hentry"],"acf":[],"yoast_head":"<!-- This site is optimized with the Yoast SEO Premium plugin v25.3.1 (Yoast SEO v27.4) - https:\/\/yoast.com\/product\/yoast-seo-premium-wordpress\/ -->\n<title>Servicio de Desarrollo de Software y Staff Augmentation<\/title>\n<meta name=\"description\" content=\"Servicios de Desarrollo de Software y Staff Augmentation, nos alineamos con los objetivos estrat\u00e9gicos de tu empresa, con el marco \u00e1gil SCRUM\" \/>\n<meta name=\"robots\" content=\"index, follow, max-snippet:-1, max-image-preview:large, max-video-preview:-1\" \/>\n<link rel=\"canonical\" href=\"https:\/\/cidenet.com.co\/en\/software-development-2\/\" \/>\n<meta property=\"og:locale\" content=\"en_US\" \/>\n<meta property=\"og:type\" content=\"article\" \/>\n<meta property=\"og:title\" content=\"Gracias por su registro a LP Desarrollo de software\" \/>\n<meta property=\"og:description\" content=\"Servicios de Desarrollo de Software y Staff Augmentation, nos alineamos con los objetivos estrat\u00e9gicos de tu empresa, con el marco \u00e1gil SCRUM\" \/>\n<meta property=\"og:url\" content=\"https:\/\/cidenet.com.co\/en\/software-development-2\/\" \/>\n<meta property=\"og:site_name\" content=\"Cidenet\" \/>\n<meta property=\"article:publisher\" content=\"https:\/\/www.facebook.com\/Cidenet\" \/>\n<meta property=\"article:modified_time\" content=\"2024-07-19T00:08:53+00:00\" \/>\n<meta property=\"og:image\" content=\"https:\/\/cidenet.com.co\/wp-content\/uploads\/2022\/10\/rpa-100.jpg\" \/>\n\t<meta property=\"og:image:width\" content=\"1560\" \/>\n\t<meta property=\"og:image:height\" content=\"962\" \/>\n\t<meta property=\"og:image:type\" content=\"image\/jpeg\" \/>\n<meta name=\"twitter:card\" content=\"summary_large_image\" \/>\n<meta name=\"twitter:label1\" content=\"Est. reading time\" \/>\n\t<meta name=\"twitter:data1\" content=\"1 minute\" \/>\n<script type=\"application\/ld+json\" class=\"yoast-schema-graph\">{\"@context\":\"https:\\\/\\\/schema.org\",\"@graph\":[{\"@type\":\"WebPage\",\"@id\":\"https:\\\/\\\/cidenet.com.co\\\/en\\\/software-development-2\\\/\",\"url\":\"https:\\\/\\\/cidenet.com.co\\\/en\\\/software-development-2\\\/\",\"name\":\"Servicio de Desarrollo de Software y Staff Augmentation\",\"isPartOf\":{\"@id\":\"https:\\\/\\\/www.cidenet.com.co\\\/en\\\/#website\"},\"primaryImageOfPage\":{\"@id\":\"https:\\\/\\\/cidenet.com.co\\\/en\\\/software-development-2\\\/#primaryimage\"},\"image\":{\"@id\":\"https:\\\/\\\/cidenet.com.co\\\/en\\\/software-development-2\\\/#primaryimage\"},\"thumbnailUrl\":\"https:\\\/\\\/cidenet.com.co\\\/wp-content\\\/uploads\\\/2022\\\/10\\\/rpa-100.jpg\",\"datePublished\":\"2023-07-28T16:41:37+00:00\",\"dateModified\":\"2024-07-19T00:08:53+00:00\",\"description\":\"Servicios de Desarrollo de Software y Staff Augmentation, nos alineamos con los objetivos estrat\u00e9gicos de tu empresa, con el marco \u00e1gil SCRUM\",\"breadcrumb\":{\"@id\":\"https:\\\/\\\/cidenet.com.co\\\/en\\\/software-development-2\\\/#breadcrumb\"},\"inLanguage\":\"en-US\",\"potentialAction\":[{\"@type\":\"ReadAction\",\"target\":[\"https:\\\/\\\/cidenet.com.co\\\/en\\\/software-development-2\\\/\"]}]},{\"@type\":\"ImageObject\",\"inLanguage\":\"en-US\",\"@id\":\"https:\\\/\\\/cidenet.com.co\\\/en\\\/software-development-2\\\/#primaryimage\",\"url\":\"https:\\\/\\\/cidenet.com.co\\\/wp-content\\\/uploads\\\/2022\\\/10\\\/rpa-100.jpg\",\"contentUrl\":\"https:\\\/\\\/cidenet.com.co\\\/wp-content\\\/uploads\\\/2022\\\/10\\\/rpa-100.jpg\",\"width\":1560,\"height\":962},{\"@type\":\"BreadcrumbList\",\"@id\":\"https:\\\/\\\/cidenet.com.co\\\/en\\\/software-development-2\\\/#breadcrumb\",\"itemListElement\":[{\"@type\":\"ListItem\",\"position\":1,\"name\":\"Inicio\",\"item\":\"https:\\\/\\\/cidenet.com.co\\\/\"},{\"@type\":\"ListItem\",\"position\":2,\"name\":\"Gracias por su registro a LP Desarrollo de software\"}]},{\"@type\":\"WebSite\",\"@id\":\"https:\\\/\\\/www.cidenet.com.co\\\/en\\\/#website\",\"url\":\"https:\\\/\\\/www.cidenet.com.co\\\/en\\\/\",\"name\":\"Cidenet\",\"description\":\"Desarrollamos Software a la Medida\",\"publisher\":{\"@id\":\"https:\\\/\\\/www.cidenet.com.co\\\/en\\\/#organization\"},\"potentialAction\":[{\"@type\":\"SearchAction\",\"target\":{\"@type\":\"EntryPoint\",\"urlTemplate\":\"https:\\\/\\\/www.cidenet.com.co\\\/en\\\/?s={search_term_string}\"},\"query-input\":{\"@type\":\"PropertyValueSpecification\",\"valueRequired\":true,\"valueName\":\"search_term_string\"}}],\"inLanguage\":\"en-US\"},{\"@type\":\"Organization\",\"@id\":\"https:\\\/\\\/www.cidenet.com.co\\\/en\\\/#organization\",\"name\":\"Cidenet | Desarrollamos Software a la Medida\",\"url\":\"https:\\\/\\\/www.cidenet.com.co\\\/en\\\/\",\"logo\":{\"@type\":\"ImageObject\",\"inLanguage\":\"en-US\",\"@id\":\"https:\\\/\\\/www.cidenet.com.co\\\/en\\\/#\\\/schema\\\/logo\\\/image\\\/\",\"url\":\"https:\\\/\\\/cidenet.com.co\\\/wp-content\\\/uploads\\\/2022\\\/08\\\/Logos-cidenet-NEGATIVO.png\",\"contentUrl\":\"https:\\\/\\\/cidenet.com.co\\\/wp-content\\\/uploads\\\/2022\\\/08\\\/Logos-cidenet-NEGATIVO.png\",\"width\":305,\"height\":68,\"caption\":\"Cidenet | Desarrollamos Software a la Medida\"},\"image\":{\"@id\":\"https:\\\/\\\/www.cidenet.com.co\\\/en\\\/#\\\/schema\\\/logo\\\/image\\\/\"},\"sameAs\":[\"https:\\\/\\\/www.facebook.com\\\/Cidenet\",\"https:\\\/\\\/www.linkedin.com\\\/company\\\/cidenet-s-a-s-\",\"https:\\\/\\\/www.instagram.com\\\/cidenet\\\/\",\"https:\\\/\\\/www.youtube.com\\\/@CidenetSAS\\\/featured\"],\"publishingPrinciples\":\"https:\\\/\\\/cidenet.com.co\\\/politica-de-proteccion-de-datos-personales\\\/\"}]}<\/script>\n<!-- \/ Yoast SEO Premium plugin. -->","yoast_head_json":{"title":"Software Development and Staff Augmentation Service","description":"Software Development and Staff Augmentation Services, we align with the strategic objectives of your company, with the agile SCRUM framework","robots":{"index":"index","follow":"follow","max-snippet":"max-snippet:-1","max-image-preview":"max-image-preview:large","max-video-preview":"max-video-preview:-1"},"canonical":"https:\/\/cidenet.com.co\/en\/software-development-2\/","og_locale":"en_US","og_type":"article","og_title":"Gracias por su registro a LP Desarrollo de software","og_description":"Servicios de Desarrollo de Software y Staff Augmentation, nos alineamos con los objetivos estrat\u00e9gicos de tu empresa, con el marco \u00e1gil SCRUM","og_url":"https:\/\/cidenet.com.co\/en\/software-development-2\/","og_site_name":"Cidenet","article_publisher":"https:\/\/www.facebook.com\/Cidenet","article_modified_time":"2024-07-19T00:08:53+00:00","og_image":[{"width":1560,"height":962,"url":"https:\/\/cidenet.com.co\/wp-content\/uploads\/2022\/10\/rpa-100.jpg","type":"image\/jpeg"}],"twitter_card":"summary_large_image","twitter_misc":{"Est. reading time":"1 minute"},"schema":{"@context":"https:\/\/schema.org","@graph":[{"@type":"WebPage","@id":"https:\/\/cidenet.com.co\/en\/software-development-2\/","url":"https:\/\/cidenet.com.co\/en\/software-development-2\/","name":"Software Development and Staff Augmentation Service","isPartOf":{"@id":"https:\/\/www.cidenet.com.co\/en\/#website"},"primaryImageOfPage":{"@id":"https:\/\/cidenet.com.co\/en\/software-development-2\/#primaryimage"},"image":{"@id":"https:\/\/cidenet.com.co\/en\/software-development-2\/#primaryimage"},"thumbnailUrl":"https:\/\/cidenet.com.co\/wp-content\/uploads\/2022\/10\/rpa-100.jpg","datePublished":"2023-07-28T16:41:37+00:00","dateModified":"2024-07-19T00:08:53+00:00","description":"Software Development and Staff Augmentation Services, we align with the strategic objectives of your company, with the agile SCRUM framework","breadcrumb":{"@id":"https:\/\/cidenet.com.co\/en\/software-development-2\/#breadcrumb"},"inLanguage":"en-US","potentialAction":[{"@type":"ReadAction","target":["https:\/\/cidenet.com.co\/en\/software-development-2\/"]}]},{"@type":"ImageObject","inLanguage":"en-US","@id":"https:\/\/cidenet.com.co\/en\/software-development-2\/#primaryimage","url":"https:\/\/cidenet.com.co\/wp-content\/uploads\/2022\/10\/rpa-100.jpg","contentUrl":"https:\/\/cidenet.com.co\/wp-content\/uploads\/2022\/10\/rpa-100.jpg","width":1560,"height":962},{"@type":"BreadcrumbList","@id":"https:\/\/cidenet.com.co\/en\/software-development-2\/#breadcrumb","itemListElement":[{"@type":"ListItem","position":1,"name":"Inicio","item":"https:\/\/cidenet.com.co\/"},{"@type":"ListItem","position":2,"name":"Gracias por su registro a LP Desarrollo de software"}]},{"@type":"WebSite","@id":"https:\/\/www.cidenet.com.co\/en\/#website","url":"https:\/\/www.cidenet.com.co\/en\/","name":"Cidenet","description":"We develop custom Software","publisher":{"@id":"https:\/\/www.cidenet.com.co\/en\/#organization"},"potentialAction":[{"@type":"SearchAction","target":{"@type":"EntryPoint","urlTemplate":"https:\/\/www.cidenet.com.co\/en\/?s={search_term_string}"},"query-input":{"@type":"PropertyValueSpecification","valueRequired":true,"valueName":"search_term_string"}}],"inLanguage":"en-US"},{"@type":"Organization","@id":"https:\/\/www.cidenet.com.co\/en\/#organization","name":"Cidenet | we Develop custom Software","url":"https:\/\/www.cidenet.com.co\/en\/","logo":{"@type":"ImageObject","inLanguage":"en-US","@id":"https:\/\/www.cidenet.com.co\/en\/#\/schema\/logo\/image\/","url":"https:\/\/cidenet.com.co\/wp-content\/uploads\/2022\/08\/Logos-cidenet-NEGATIVO.png","contentUrl":"https:\/\/cidenet.com.co\/wp-content\/uploads\/2022\/08\/Logos-cidenet-NEGATIVO.png","width":305,"height":68,"caption":"Cidenet | Desarrollamos Software a la Medida"},"image":{"@id":"https:\/\/www.cidenet.com.co\/en\/#\/schema\/logo\/image\/"},"sameAs":["https:\/\/www.facebook.com\/Cidenet","https:\/\/www.linkedin.com\/company\/cidenet-s-a-s-","https:\/\/www.instagram.com\/cidenet\/","https:\/\/www.youtube.com\/@CidenetSAS\/featured"],"publishingPrinciples":"https:\/\/cidenet.com.co\/politica-de-proteccion-de-datos-personales\/"}]}},"_links":{"self":[{"href":"https:\/\/cidenet.com.co\/en\/wp-json\/wp\/v2\/pages\/4607","targetHints":{"allow":["GET"]}}],"collection":[{"href":"https:\/\/cidenet.com.co\/en\/wp-json\/wp\/v2\/pages"}],"about":[{"href":"https:\/\/cidenet.com.co\/en\/wp-json\/wp\/v2\/types\/page"}],"author":[{"embeddable":true,"href":"https:\/\/cidenet.com.co\/en\/wp-json\/wp\/v2\/users\/1"}],"replies":[{"embeddable":true,"href":"https:\/\/cidenet.com.co\/en\/wp-json\/wp\/v2\/comments?post=4607"}],"version-history":[{"count":0,"href":"https:\/\/cidenet.com.co\/en\/wp-json\/wp\/v2\/pages\/4607\/revisions"}],"wp:featuredmedia":[{"embeddable":true,"href":"https:\/\/cidenet.com.co\/en\/wp-json\/wp\/v2\/media\/2135"}],"wp:attachment":[{"href":"https:\/\/cidenet.com.co\/en\/wp-json\/wp\/v2\/media?parent=4607"}],"wp:term":[{"taxonomy":"category","embeddable":true,"href":"https:\/\/cidenet.com.co\/en\/wp-json\/wp\/v2\/categories?post=4607"},{"taxonomy":"post_tag","embeddable":true,"href":"https:\/\/cidenet.com.co\/en\/wp-json\/wp\/v2\/tags?post=4607"}],"curies":[{"name":"wp","href":"https:\/\/api.w.org\/{rel}","templated":true}]}}