{"id":10012,"date":"2025-07-22T15:23:24","date_gmt":"2025-07-22T20:23:24","guid":{"rendered":"https:\/\/cidenet.com.co\/?page_id=10012"},"modified":"2026-04-27T14:38:20","modified_gmt":"2026-04-27T19:38:20","slug":"webinars","status":"publish","type":"page","link":"https:\/\/cidenet.com.co\/en\/webinars\/","title":{"rendered":"Register for our Webinars"},"content":{"rendered":"<div data-elementor-type=\"wp-page\" data-elementor-id=\"10012\" class=\"elementor elementor-10012\" data-elementor-post-type=\"page\">\n\t\t\t\t<div class=\"elementor-element elementor-element-4ddfad8 e-con-full e-flex e-con e-parent\" data-id=\"4ddfad8\" data-element_type=\"container\" data-e-type=\"container\">\n\t\t\t\t<div class=\"elementor-element elementor-element-d472861 elementor-widget elementor-widget-html\" data-id=\"d472861\" data-element_type=\"widget\" data-e-type=\"widget\" data-widget_type=\"html.default\">\n\t\t\t\t<div class=\"elementor-widget-container\">\n\t\t\t\t\t<div style=\"width: 100%; overflow: hidden; height: 1200px;\">\n  <iframe \n    src=\"https:\/\/meet.zoho.com\/wjcq-zwy-vlw\" \n    width=\"100%\" \n    height=\"100%\" \n    allow=\"camera; microphone; fullscreen; display-capture; autoplay\" \n    style=\"border:none;\">\n  <\/iframe>\n<\/div>\t\t\t\t<\/div>\n\t\t\t\t<\/div>\n\t\t\t\t<\/div>\n\t\t\t\t<section class=\"elementor-section elementor-top-section elementor-element elementor-element-eb9dbe9 elementor-section-boxed elementor-section-height-default elementor-section-height-default\" data-id=\"eb9dbe9\" data-element_type=\"section\" data-e-type=\"section\">\n\t\t\t\t\t\t<div class=\"elementor-container elementor-column-gap-default\">\n\t\t\t\t\t<div class=\"elementor-column elementor-col-100 elementor-top-column elementor-element elementor-element-f60b3b2\" data-id=\"f60b3b2\" data-element_type=\"column\" data-e-type=\"column\">\n\t\t\t<div class=\"elementor-widget-wrap elementor-element-populated\">\n\t\t\t\t\t\t<div class=\"elementor-element elementor-element-163bf41 elementor-widget elementor-widget-heading\" data-id=\"163bf41\" data-element_type=\"widget\" data-e-type=\"widget\" data-widget_type=\"heading.default\">\n\t\t\t\t<div class=\"elementor-widget-container\">\n\t\t\t\t\t<h2 class=\"elementor-heading-title elementor-size-default\">What does your company gain from our solutions?<\/h2>\t\t\t\t<\/div>\n\t\t\t\t<\/div>\n\t\t\t\t<section class=\"elementor-section elementor-inner-section elementor-element elementor-element-f85a103 elementor-section-boxed elementor-section-height-default elementor-section-height-default\" data-id=\"f85a103\" data-element_type=\"section\" data-e-type=\"section\">\n\t\t\t\t\t\t<div class=\"elementor-container elementor-column-gap-default\">\n\t\t\t\t\t<div class=\"elementor-column elementor-col-25 elementor-inner-column elementor-element elementor-element-76cacb3\" data-id=\"76cacb3\" data-element_type=\"column\" data-e-type=\"column\" data-settings=\"{&quot;background_background&quot;:&quot;classic&quot;}\">\n\t\t\t<div class=\"elementor-widget-wrap elementor-element-populated\">\n\t\t\t\t\t\t<div class=\"elementor-element elementor-element-1f6ce72 elementor-view-default elementor-position-block-start elementor-mobile-position-block-start elementor-widget elementor-widget-icon-box\" data-id=\"1f6ce72\" data-element_type=\"widget\" data-e-type=\"widget\" data-widget_type=\"icon-box.default\">\n\t\t\t\t<div class=\"elementor-widget-container\">\n\t\t\t\t\t\t\t<div class=\"elementor-icon-box-wrapper\">\n\n\t\t\t\t\t\t<div class=\"elementor-icon-box-icon\">\n\t\t\t\t<span  class=\"elementor-icon\">\n\t\t\t\t<svg aria-hidden=\"true\" class=\"e-font-icon-svg e-fas-dollar-sign\" viewbox=\"0 0 288 512\" xmlns=\"http:\/\/www.w3.org\/2000\/svg\"><path d=\"M209.2 233.4l-108-31.6C88.7 198.2 80 186.5 80 173.5c0-16.3 13.2-29.5 29.5-29.5h66.3c12.2 0 24.2 3.7 34.2 10.5 6.1 4.1 14.3 3.1 19.5-2l34.8-34c7.1-6.9 6.1-18.4-1.8-24.5C238 74.8 207.4 64.1 176 64V16c0-8.8-7.2-16-16-16h-32c-8.8 0-16 7.2-16 16v48h-2.5C45.8 64-5.4 118.7.5 183.6c4.2 46.1 39.4 83.6 83.8 96.6l102.5 30c12.5 3.7 21.2 15.3 21.2 28.3 0 16.3-13.2 29.5-29.5 29.5h-66.3C100 368 88 364.3 78 357.5c-6.1-4.1-14.3-3.1-19.5 2l-34.8 34c-7.1 6.9-6.1 18.4 1.8 24.5 24.5 19.2 55.1 29.9 86.5 30v48c0 8.8 7.2 16 16 16h32c8.8 0 16-7.2 16-16v-48.2c46.6-.9 90.3-28.6 105.7-72.7 21.5-61.6-14.6-124.8-72.5-141.7z\"><\/path><\/svg>\t\t\t\t<\/span>\n\t\t\t<\/div>\n\t\t\t\n\t\t\t\t\t\t<div class=\"elementor-icon-box-content\">\n\n\t\t\t\t\t\t\t\t\t<h3 class=\"elementor-icon-box-title\">\n\t\t\t\t\t\t<span  >\n\t\t\t\t\t\t\tModernization without risk\t\t\t\t\t\t<\/span>\n\t\t\t\t\t<\/h3>\n\t\t\t\t\n\t\t\t\t\t\t\t\t\t<p class=\"elementor-icon-box-description\">\n\t\t\t\t\t\tWe evolve your technology without disconnecting what already works.\t\t\t\t\t<\/p>\n\t\t\t\t\n\t\t\t<\/div>\n\t\t\t\n\t\t<\/div>\n\t\t\t\t\t\t<\/div>\n\t\t\t\t<\/div>\n\t\t\t\t\t<\/div>\n\t\t<\/div>\n\t\t\t\t<div class=\"elementor-column elementor-col-25 elementor-inner-column elementor-element elementor-element-004656d\" data-id=\"004656d\" data-element_type=\"column\" data-e-type=\"column\" data-settings=\"{&quot;background_background&quot;:&quot;classic&quot;}\">\n\t\t\t<div class=\"elementor-widget-wrap elementor-element-populated\">\n\t\t\t\t\t\t<div class=\"elementor-element elementor-element-5f6b588 elementor-view-default elementor-position-block-start elementor-mobile-position-block-start elementor-widget elementor-widget-icon-box\" data-id=\"5f6b588\" data-element_type=\"widget\" data-e-type=\"widget\" data-widget_type=\"icon-box.default\">\n\t\t\t\t<div class=\"elementor-widget-container\">\n\t\t\t\t\t\t\t<div class=\"elementor-icon-box-wrapper\">\n\n\t\t\t\t\t\t<div class=\"elementor-icon-box-icon\">\n\t\t\t\t<span  class=\"elementor-icon\">\n\t\t\t\t<svg aria-hidden=\"true\" class=\"e-font-icon-svg e-far-handshake\" viewbox=\"0 0 640 512\" xmlns=\"http:\/\/www.w3.org\/2000\/svg\"><path d=\"M519.2 127.9l-47.6-47.6A56.252 56.252 0 0 0 432 64H205.2c-14.8 0-29.1 5.9-39.6 16.3L118 127.9H0v255.7h64c17.6 0 31.8-14.2 31.9-31.7h9.1l84.6 76.4c30.9 25.1 73.8 25.7 105.6 3.8 12.5 10.8 26 15.9 41.1 15.9 18.2 0 35.3-7.4 48.8-24 22.1 8.7 48.2 2.6 64-16.8l26.2-32.3c5.6-6.9 9.1-14.8 10.9-23h57.9c.1 17.5 14.4 31.7 31.9 31.7h64V127.9H519.2zM48 351.6c-8.8 0-16-7.2-16-16s7.2-16 16-16 16 7.2 16 16c0 8.9-7.2 16-16 16zm390-6.9l-26.1 32.2c-2.8 3.4-7.8 4-11.3 1.2l-23.9-19.4-30 36.5c-6 7.3-15 4.8-18 2.4l-36.8-31.5-15.6 19.2c-13.9 17.1-39.2 19.7-55.3 6.6l-97.3-88H96V175.8h41.9l61.7-61.6c2-.8 3.7-1.5 5.7-2.3H262l-38.7 35.5c-29.4 26.9-31.1 72.3-4.4 101.3 14.8 16.2 61.2 41.2 101.5 4.4l8.2-7.5 108.2 87.8c3.4 2.8 3.9 7.9 1.2 11.3zm106-40.8h-69.2c-2.3-2.8-4.9-5.4-7.7-7.7l-102.7-83.4 12.5-11.4c6.5-6 7-16.1 1-22.6L367 167.1c-6-6.5-16.1-6.9-22.6-1l-55.2 50.6c-9.5 8.7-25.7 9.4-34.6 0-9.3-9.9-8.5-25.1 1.2-33.9l65.6-60.1c7.4-6.8 17-10.5 27-10.5l83.7-.2c2.1 0 4.1.8 5.5 2.3l61.7 61.6H544v128zm48 47.7c-8.8 0-16-7.2-16-16s7.2-16 16-16 16 7.2 16 16c0 8.9-7.2 16-16 16z\"><\/path><\/svg>\t\t\t\t<\/span>\n\t\t\t<\/div>\n\t\t\t\n\t\t\t\t\t\t<div class=\"elementor-icon-box-content\">\n\n\t\t\t\t\t\t\t\t\t<h3 class=\"elementor-icon-box-title\">\n\t\t\t\t\t\t<span  >\n\t\t\t\t\t\t\tIT talent on demand\t\t\t\t\t\t<\/span>\n\t\t\t\t\t<\/h3>\n\t\t\t\t\n\t\t\t\t\t\t\t\t\t<p class=\"elementor-icon-box-description\">\n\t\t\t\t\t\tWe connect your project with qualified profiles ready to contribute.\t\t\t\t\t<\/p>\n\t\t\t\t\n\t\t\t<\/div>\n\t\t\t\n\t\t<\/div>\n\t\t\t\t\t\t<\/div>\n\t\t\t\t<\/div>\n\t\t\t\t\t<\/div>\n\t\t<\/div>\n\t\t\t\t<div class=\"elementor-column elementor-col-25 elementor-inner-column elementor-element elementor-element-072a16b\" data-id=\"072a16b\" data-element_type=\"column\" data-e-type=\"column\" data-settings=\"{&quot;background_background&quot;:&quot;classic&quot;}\">\n\t\t\t<div class=\"elementor-widget-wrap elementor-element-populated\">\n\t\t\t\t\t\t<div class=\"elementor-element elementor-element-c686753 elementor-view-default elementor-position-block-start elementor-mobile-position-block-start elementor-widget elementor-widget-icon-box\" data-id=\"c686753\" data-element_type=\"widget\" data-e-type=\"widget\" data-widget_type=\"icon-box.default\">\n\t\t\t\t<div class=\"elementor-widget-container\">\n\t\t\t\t\t\t\t<div class=\"elementor-icon-box-wrapper\">\n\n\t\t\t\t\t\t<div class=\"elementor-icon-box-icon\">\n\t\t\t\t<span  class=\"elementor-icon\">\n\t\t\t\t<svg aria-hidden=\"true\" class=\"e-font-icon-svg e-fas-bezier-curve\" viewbox=\"0 0 640 512\" xmlns=\"http:\/\/www.w3.org\/2000\/svg\"><path d=\"M368 32h-96c-17.67 0-32 14.33-32 32v96c0 17.67 14.33 32 32 32h96c17.67 0 32-14.33 32-32V64c0-17.67-14.33-32-32-32zM208 88h-84.75C113.75 64.56 90.84 48 64 48 28.66 48 0 76.65 0 112s28.66 64 64 64c26.84 0 49.75-16.56 59.25-40h79.73c-55.37 32.52-95.86 87.32-109.54 152h49.4c11.3-41.61 36.77-77.21 71.04-101.56-3.7-8.08-5.88-16.99-5.88-26.44V88zm-48 232H64c-17.67 0-32 14.33-32 32v96c0 17.67 14.33 32 32 32h96c17.67 0 32-14.33 32-32v-96c0-17.67-14.33-32-32-32zM576 48c-26.84 0-49.75 16.56-59.25 40H432v72c0 9.45-2.19 18.36-5.88 26.44 34.27 24.35 59.74 59.95 71.04 101.56h49.4c-13.68-64.68-54.17-119.48-109.54-152h79.73c9.5 23.44 32.41 40 59.25 40 35.34 0 64-28.65 64-64s-28.66-64-64-64zm0 272h-96c-17.67 0-32 14.33-32 32v96c0 17.67 14.33 32 32 32h96c17.67 0 32-14.33 32-32v-96c0-17.67-14.33-32-32-32z\"><\/path><\/svg>\t\t\t\t<\/span>\n\t\t\t<\/div>\n\t\t\t\n\t\t\t\t\t\t<div class=\"elementor-icon-box-content\">\n\n\t\t\t\t\t\t\t\t\t<h3 class=\"elementor-icon-box-title\">\n\t\t\t\t\t\t<span  >\n\t\t\t\t\t\t\tCustom development\t\t\t\t\t\t<\/span>\n\t\t\t\t\t<\/h3>\n\t\t\t\t\n\t\t\t\t\t\t\t\t\t<p class=\"elementor-icon-box-description\">\n\t\t\t\t\t\tWe build what your business needs, without templates or generic solutions.\n\t\t\t\t\t<\/p>\n\t\t\t\t\n\t\t\t<\/div>\n\t\t\t\n\t\t<\/div>\n\t\t\t\t\t\t<\/div>\n\t\t\t\t<\/div>\n\t\t\t\t\t<\/div>\n\t\t<\/div>\n\t\t\t\t<div class=\"elementor-column elementor-col-25 elementor-inner-column elementor-element elementor-element-4456770\" data-id=\"4456770\" data-element_type=\"column\" data-e-type=\"column\" data-settings=\"{&quot;background_background&quot;:&quot;classic&quot;}\">\n\t\t\t<div class=\"elementor-widget-wrap elementor-element-populated\">\n\t\t\t\t\t\t<div class=\"elementor-element elementor-element-1ac1bd3 elementor-view-default elementor-position-block-start elementor-mobile-position-block-start elementor-widget elementor-widget-icon-box\" data-id=\"1ac1bd3\" data-element_type=\"widget\" data-e-type=\"widget\" data-widget_type=\"icon-box.default\">\n\t\t\t\t<div class=\"elementor-widget-container\">\n\t\t\t\t\t\t\t<div class=\"elementor-icon-box-wrapper\">\n\n\t\t\t\t\t\t<div class=\"elementor-icon-box-icon\">\n\t\t\t\t<span  class=\"elementor-icon\">\n\t\t\t\t<svg aria-hidden=\"true\" class=\"e-font-icon-svg e-far-clock\" viewbox=\"0 0 512 512\" xmlns=\"http:\/\/www.w3.org\/2000\/svg\"><path d=\"M256 8C119 8 8 119 8 256s111 248 248 248 248-111 248-248S393 8 256 8zm0 448c-110.5 0-200-89.5-200-200S145.5 56 256 56s200 89.5 200 200-89.5 200-200 200zm61.8-104.4l-84.9-61.7c-3.1-2.3-4.9-5.9-4.9-9.7V116c0-6.6 5.4-12 12-12h32c6.6 0 12 5.4 12 12v141.7l66.8 48.6c5.4 3.9 6.5 11.4 2.6 16.8L334.6 349c-3.9 5.3-11.4 6.5-16.8 2.6z\"><\/path><\/svg>\t\t\t\t<\/span>\n\t\t\t<\/div>\n\t\t\t\n\t\t\t\t\t\t<div class=\"elementor-icon-box-content\">\n\n\t\t\t\t\t\t\t\t\t<h3 class=\"elementor-icon-box-title\">\n\t\t\t\t\t\t<span  >\n\t\t\t\t\t\t\tSpeed and quality\t\t\t\t\t\t<\/span>\n\t\t\t\t\t<\/h3>\n\t\t\t\t\n\t\t\t\t\t\t\t\t\t<p class=\"elementor-icon-box-description\">\n\t\t\t\t\t\tFunctional deliveries in the first two weeks, thanks to our agile approach.\t\t\t\t\t<\/p>\n\t\t\t\t\n\t\t\t<\/div>\n\t\t\t\n\t\t<\/div>\n\t\t\t\t\t\t<\/div>\n\t\t\t\t<\/div>\n\t\t\t\t\t<\/div>\n\t\t<\/div>\n\t\t\t\t\t<\/div>\n\t\t<\/section>\n\t\t\t\t<div class=\"elementor-element elementor-element-eb3bc56 elementor-align-center elementor-widget elementor-widget-button\" data-id=\"eb3bc56\" data-element_type=\"widget\" data-e-type=\"widget\" data-widget_type=\"button.default\">\n\t\t\t\t<div class=\"elementor-widget-container\">\n\t\t\t\t\t\t\t\t\t<div class=\"elementor-button-wrapper\">\n\t\t\t\t\t<a class=\"elementor-button elementor-button-link elementor-size-sm\" href=\"#elementor-action%3Aaction%3Dpopup%3Aopen%26settings%3DeyJpZCI6IjIyIiwidG9nZ2xlIjpmYWxzZX0%3D\">\n\t\t\t\t\t\t<span class=\"elementor-button-content-wrapper\">\n\t\t\t\t\t\t\t\t\t<span class=\"elementor-button-text\">Find out more<\/span>\n\t\t\t\t\t<\/span>\n\t\t\t\t\t<\/a>\n\t\t\t\t<\/div>\n\t\t\t\t\t\t\t\t<\/div>\n\t\t\t\t<\/div>\n\t\t\t\t\t<\/div>\n\t\t<\/div>\n\t\t\t\t\t<\/div>\n\t\t<\/section>\n\t\t\t\t<\/div>","protected":false},"excerpt":{"rendered":"<p>Is your company still operating on legacy systems that are expensive and not very scalable?<\/p>\n<p>In this webinar, you will discover how to gradually modernize your technology platforms, without affecting the operation and reducing the risk of a total migration. We will tell you how we do it at Cidenet, with real examples and practical recommendations for CTOs, CIOs and technology leaders.<\/p>","protected":false},"author":5,"featured_media":10034,"parent":0,"menu_order":0,"comment_status":"closed","ping_status":"closed","template":"","meta":{"_acf_changed":false,"_joinchat":[],"footnotes":""},"categories":[],"tags":[],"class_list":["post-10012","page","type-page","status-publish","has-post-thumbnail","hentry"],"acf":[],"yoast_head":"<!-- This site is optimized with the Yoast SEO Premium plugin v25.3.1 (Yoast SEO v27.4) - https:\/\/yoast.com\/product\/yoast-seo-premium-wordpress\/ -->\n<title>Reg\u00edstrate en nuestros Webinars - Cidenet<\/title>\n<meta name=\"description\" content=\"\u00bfTu empresa sigue operando sobre sistemas heredados, costosos y poco escalables?En este webinar, descubrir\u00e1s c\u00f3mo modernizar gradualmente tus plataformas tecnol\u00f3gicas, sin afectar la operaci\u00f3n y reduciendo el riesgo de una migraci\u00f3n total. Te contaremos c\u00f3mo lo hacemos en Cidenet, con ejemplos reales y recomendaciones pr\u00e1cticas para CTOs, CIOs y l\u00edderes tecnol\u00f3gicos.\" \/>\n<meta name=\"robots\" content=\"index, follow, max-snippet:-1, max-image-preview:large, max-video-preview:-1\" \/>\n<link rel=\"canonical\" href=\"https:\/\/cidenet.com.co\/en\/webinars\/\" \/>\n<meta property=\"og:locale\" content=\"en_US\" \/>\n<meta property=\"og:type\" content=\"article\" \/>\n<meta property=\"og:title\" content=\"Reg\u00edstrate en nuestros Webinars\" \/>\n<meta property=\"og:description\" content=\"\u00bfTu empresa sigue operando sobre sistemas heredados, costosos y poco escalables?En este webinar, descubrir\u00e1s c\u00f3mo modernizar gradualmente tus plataformas tecnol\u00f3gicas, sin afectar la operaci\u00f3n y reduciendo el riesgo de una migraci\u00f3n total. Te contaremos c\u00f3mo lo hacemos en Cidenet, con ejemplos reales y recomendaciones pr\u00e1cticas para CTOs, CIOs y l\u00edderes tecnol\u00f3gicos.\" \/>\n<meta property=\"og:url\" content=\"https:\/\/cidenet.com.co\/en\/webinars\/\" \/>\n<meta property=\"og:site_name\" content=\"Cidenet\" \/>\n<meta property=\"article:publisher\" content=\"https:\/\/www.facebook.com\/Cidenet\" \/>\n<meta property=\"article:modified_time\" content=\"2026-04-27T19:38:20+00:00\" \/>\n<meta property=\"og:image\" content=\"https:\/\/cidenet.com.co\/wp-content\/uploads\/2025\/07\/laboratorio-de-computacion-moderno-y-equipado-scaled.jpg\" \/>\n\t<meta property=\"og:image:width\" content=\"2560\" \/>\n\t<meta property=\"og:image:height\" content=\"1707\" \/>\n\t<meta property=\"og:image:type\" content=\"image\/jpeg\" \/>\n<meta name=\"twitter:card\" content=\"summary_large_image\" \/>\n<meta name=\"twitter:label1\" content=\"Est. reading time\" \/>\n\t<meta name=\"twitter:data1\" content=\"1 minute\" \/>\n<script type=\"application\/ld+json\" class=\"yoast-schema-graph\">{\"@context\":\"https:\\\/\\\/schema.org\",\"@graph\":[{\"@type\":\"WebPage\",\"@id\":\"https:\\\/\\\/cidenet.com.co\\\/webinars\\\/\",\"url\":\"https:\\\/\\\/cidenet.com.co\\\/webinars\\\/\",\"name\":\"Reg\u00edstrate en nuestros Webinars - Cidenet\",\"isPartOf\":{\"@id\":\"https:\\\/\\\/www.cidenet.com.co\\\/en\\\/#website\"},\"primaryImageOfPage\":{\"@id\":\"https:\\\/\\\/cidenet.com.co\\\/webinars\\\/#primaryimage\"},\"image\":{\"@id\":\"https:\\\/\\\/cidenet.com.co\\\/webinars\\\/#primaryimage\"},\"thumbnailUrl\":\"https:\\\/\\\/cidenet.com.co\\\/wp-content\\\/uploads\\\/2025\\\/07\\\/laboratorio-de-computacion-moderno-y-equipado-scaled.jpg\",\"datePublished\":\"2025-07-22T20:23:24+00:00\",\"dateModified\":\"2026-04-27T19:38:20+00:00\",\"description\":\"\u00bfTu empresa sigue operando sobre sistemas heredados, costosos y poco escalables?En este webinar, descubrir\u00e1s c\u00f3mo modernizar gradualmente tus plataformas tecnol\u00f3gicas, sin afectar la operaci\u00f3n y reduciendo el riesgo de una migraci\u00f3n total. Te contaremos c\u00f3mo lo hacemos en Cidenet, con ejemplos reales y recomendaciones pr\u00e1cticas para CTOs, CIOs y l\u00edderes tecnol\u00f3gicos.\",\"breadcrumb\":{\"@id\":\"https:\\\/\\\/cidenet.com.co\\\/webinars\\\/#breadcrumb\"},\"inLanguage\":\"en-US\",\"potentialAction\":[{\"@type\":\"ReadAction\",\"target\":[\"https:\\\/\\\/cidenet.com.co\\\/webinars\\\/\"]}]},{\"@type\":\"ImageObject\",\"inLanguage\":\"en-US\",\"@id\":\"https:\\\/\\\/cidenet.com.co\\\/webinars\\\/#primaryimage\",\"url\":\"https:\\\/\\\/cidenet.com.co\\\/wp-content\\\/uploads\\\/2025\\\/07\\\/laboratorio-de-computacion-moderno-y-equipado-scaled.jpg\",\"contentUrl\":\"https:\\\/\\\/cidenet.com.co\\\/wp-content\\\/uploads\\\/2025\\\/07\\\/laboratorio-de-computacion-moderno-y-equipado-scaled.jpg\",\"width\":2560,\"height\":1707},{\"@type\":\"BreadcrumbList\",\"@id\":\"https:\\\/\\\/cidenet.com.co\\\/webinars\\\/#breadcrumb\",\"itemListElement\":[{\"@type\":\"ListItem\",\"position\":1,\"name\":\"Inicio\",\"item\":\"https:\\\/\\\/cidenet.com.co\\\/\"},{\"@type\":\"ListItem\",\"position\":2,\"name\":\"Reg\u00edstrate en nuestros Webinars\"}]},{\"@type\":\"WebSite\",\"@id\":\"https:\\\/\\\/www.cidenet.com.co\\\/en\\\/#website\",\"url\":\"https:\\\/\\\/www.cidenet.com.co\\\/en\\\/\",\"name\":\"Cidenet\",\"description\":\"Desarrollamos Software a la Medida\",\"publisher\":{\"@id\":\"https:\\\/\\\/www.cidenet.com.co\\\/en\\\/#organization\"},\"potentialAction\":[{\"@type\":\"SearchAction\",\"target\":{\"@type\":\"EntryPoint\",\"urlTemplate\":\"https:\\\/\\\/www.cidenet.com.co\\\/en\\\/?s={search_term_string}\"},\"query-input\":{\"@type\":\"PropertyValueSpecification\",\"valueRequired\":true,\"valueName\":\"search_term_string\"}}],\"inLanguage\":\"en-US\"},{\"@type\":\"Organization\",\"@id\":\"https:\\\/\\\/www.cidenet.com.co\\\/en\\\/#organization\",\"name\":\"Cidenet | Desarrollamos Software a la Medida\",\"url\":\"https:\\\/\\\/www.cidenet.com.co\\\/en\\\/\",\"logo\":{\"@type\":\"ImageObject\",\"inLanguage\":\"en-US\",\"@id\":\"https:\\\/\\\/www.cidenet.com.co\\\/en\\\/#\\\/schema\\\/logo\\\/image\\\/\",\"url\":\"https:\\\/\\\/cidenet.com.co\\\/wp-content\\\/uploads\\\/2022\\\/08\\\/Logos-cidenet-NEGATIVO.png\",\"contentUrl\":\"https:\\\/\\\/cidenet.com.co\\\/wp-content\\\/uploads\\\/2022\\\/08\\\/Logos-cidenet-NEGATIVO.png\",\"width\":305,\"height\":68,\"caption\":\"Cidenet | Desarrollamos Software a la Medida\"},\"image\":{\"@id\":\"https:\\\/\\\/www.cidenet.com.co\\\/en\\\/#\\\/schema\\\/logo\\\/image\\\/\"},\"sameAs\":[\"https:\\\/\\\/www.facebook.com\\\/Cidenet\",\"https:\\\/\\\/www.linkedin.com\\\/company\\\/cidenet-s-a-s-\",\"https:\\\/\\\/www.instagram.com\\\/cidenet\\\/\",\"https:\\\/\\\/www.youtube.com\\\/@CidenetSAS\\\/featured\"],\"publishingPrinciples\":\"https:\\\/\\\/cidenet.com.co\\\/politica-de-proteccion-de-datos-personales\\\/\"}]}<\/script>\n<!-- \/ Yoast SEO Premium plugin. -->","yoast_head_json":{"title":"Register for our Webinars - Cidenet","description":"In this webinar, you will discover how to gradually modernize your technology platforms without affecting the operation and reducing the risk of a total migration. We will tell you how we do it in Cidenet, with real examples and practical recommendations for CTOs, CIOs and technology leaders.","robots":{"index":"index","follow":"follow","max-snippet":"max-snippet:-1","max-image-preview":"max-image-preview:large","max-video-preview":"max-video-preview:-1"},"canonical":"https:\/\/cidenet.com.co\/en\/webinars\/","og_locale":"en_US","og_type":"article","og_title":"Reg\u00edstrate en nuestros Webinars","og_description":"\u00bfTu empresa sigue operando sobre sistemas heredados, costosos y poco escalables?En este webinar, descubrir\u00e1s c\u00f3mo modernizar gradualmente tus plataformas tecnol\u00f3gicas, sin afectar la operaci\u00f3n y reduciendo el riesgo de una migraci\u00f3n total. Te contaremos c\u00f3mo lo hacemos en Cidenet, con ejemplos reales y recomendaciones pr\u00e1cticas para CTOs, CIOs y l\u00edderes tecnol\u00f3gicos.","og_url":"https:\/\/cidenet.com.co\/en\/webinars\/","og_site_name":"Cidenet","article_publisher":"https:\/\/www.facebook.com\/Cidenet","article_modified_time":"2026-04-27T19:38:20+00:00","og_image":[{"width":2560,"height":1707,"url":"https:\/\/cidenet.com.co\/wp-content\/uploads\/2025\/07\/laboratorio-de-computacion-moderno-y-equipado-scaled.jpg","type":"image\/jpeg"}],"twitter_card":"summary_large_image","twitter_misc":{"Est. reading time":"1 minute"},"schema":{"@context":"https:\/\/schema.org","@graph":[{"@type":"WebPage","@id":"https:\/\/cidenet.com.co\/webinars\/","url":"https:\/\/cidenet.com.co\/webinars\/","name":"Register for our Webinars - Cidenet","isPartOf":{"@id":"https:\/\/www.cidenet.com.co\/en\/#website"},"primaryImageOfPage":{"@id":"https:\/\/cidenet.com.co\/webinars\/#primaryimage"},"image":{"@id":"https:\/\/cidenet.com.co\/webinars\/#primaryimage"},"thumbnailUrl":"https:\/\/cidenet.com.co\/wp-content\/uploads\/2025\/07\/laboratorio-de-computacion-moderno-y-equipado-scaled.jpg","datePublished":"2025-07-22T20:23:24+00:00","dateModified":"2026-04-27T19:38:20+00:00","description":"In this webinar, you will discover how to gradually modernize your technology platforms without affecting the operation and reducing the risk of a total migration. We will tell you how we do it in Cidenet, with real examples and practical recommendations for CTOs, CIOs and technology leaders.","breadcrumb":{"@id":"https:\/\/cidenet.com.co\/webinars\/#breadcrumb"},"inLanguage":"en-US","potentialAction":[{"@type":"ReadAction","target":["https:\/\/cidenet.com.co\/webinars\/"]}]},{"@type":"ImageObject","inLanguage":"en-US","@id":"https:\/\/cidenet.com.co\/webinars\/#primaryimage","url":"https:\/\/cidenet.com.co\/wp-content\/uploads\/2025\/07\/laboratorio-de-computacion-moderno-y-equipado-scaled.jpg","contentUrl":"https:\/\/cidenet.com.co\/wp-content\/uploads\/2025\/07\/laboratorio-de-computacion-moderno-y-equipado-scaled.jpg","width":2560,"height":1707},{"@type":"BreadcrumbList","@id":"https:\/\/cidenet.com.co\/webinars\/#breadcrumb","itemListElement":[{"@type":"ListItem","position":1,"name":"Inicio","item":"https:\/\/cidenet.com.co\/"},{"@type":"ListItem","position":2,"name":"Reg\u00edstrate en nuestros Webinars"}]},{"@type":"WebSite","@id":"https:\/\/www.cidenet.com.co\/en\/#website","url":"https:\/\/www.cidenet.com.co\/en\/","name":"Cidenet","description":"We develop custom Software","publisher":{"@id":"https:\/\/www.cidenet.com.co\/en\/#organization"},"potentialAction":[{"@type":"SearchAction","target":{"@type":"EntryPoint","urlTemplate":"https:\/\/www.cidenet.com.co\/en\/?s={search_term_string}"},"query-input":{"@type":"PropertyValueSpecification","valueRequired":true,"valueName":"search_term_string"}}],"inLanguage":"en-US"},{"@type":"Organization","@id":"https:\/\/www.cidenet.com.co\/en\/#organization","name":"Cidenet | we Develop custom Software","url":"https:\/\/www.cidenet.com.co\/en\/","logo":{"@type":"ImageObject","inLanguage":"en-US","@id":"https:\/\/www.cidenet.com.co\/en\/#\/schema\/logo\/image\/","url":"https:\/\/cidenet.com.co\/wp-content\/uploads\/2022\/08\/Logos-cidenet-NEGATIVO.png","contentUrl":"https:\/\/cidenet.com.co\/wp-content\/uploads\/2022\/08\/Logos-cidenet-NEGATIVO.png","width":305,"height":68,"caption":"Cidenet | Desarrollamos Software a la Medida"},"image":{"@id":"https:\/\/www.cidenet.com.co\/en\/#\/schema\/logo\/image\/"},"sameAs":["https:\/\/www.facebook.com\/Cidenet","https:\/\/www.linkedin.com\/company\/cidenet-s-a-s-","https:\/\/www.instagram.com\/cidenet\/","https:\/\/www.youtube.com\/@CidenetSAS\/featured"],"publishingPrinciples":"https:\/\/cidenet.com.co\/politica-de-proteccion-de-datos-personales\/"}]}},"_links":{"self":[{"href":"https:\/\/cidenet.com.co\/en\/wp-json\/wp\/v2\/pages\/10012","targetHints":{"allow":["GET"]}}],"collection":[{"href":"https:\/\/cidenet.com.co\/en\/wp-json\/wp\/v2\/pages"}],"about":[{"href":"https:\/\/cidenet.com.co\/en\/wp-json\/wp\/v2\/types\/page"}],"author":[{"embeddable":true,"href":"https:\/\/cidenet.com.co\/en\/wp-json\/wp\/v2\/users\/5"}],"replies":[{"embeddable":true,"href":"https:\/\/cidenet.com.co\/en\/wp-json\/wp\/v2\/comments?post=10012"}],"version-history":[{"count":55,"href":"https:\/\/cidenet.com.co\/en\/wp-json\/wp\/v2\/pages\/10012\/revisions"}],"predecessor-version":[{"id":10330,"href":"https:\/\/cidenet.com.co\/en\/wp-json\/wp\/v2\/pages\/10012\/revisions\/10330"}],"wp:featuredmedia":[{"embeddable":true,"href":"https:\/\/cidenet.com.co\/en\/wp-json\/wp\/v2\/media\/10034"}],"wp:attachment":[{"href":"https:\/\/cidenet.com.co\/en\/wp-json\/wp\/v2\/media?parent=10012"}],"wp:term":[{"taxonomy":"category","embeddable":true,"href":"https:\/\/cidenet.com.co\/en\/wp-json\/wp\/v2\/categories?post=10012"},{"taxonomy":"post_tag","embeddable":true,"href":"https:\/\/cidenet.com.co\/en\/wp-json\/wp\/v2\/tags?post=10012"}],"curies":[{"name":"wp","href":"https:\/\/api.w.org\/{rel}","templated":true}]}}